{"id":763,"date":"2024-03-11T18:11:39","date_gmt":"2024-03-11T18:11:39","guid":{"rendered":"https:\/\/villalatina.de\/?page_id=763"},"modified":"2025-09-19T16:09:57","modified_gmt":"2025-09-19T14:09:57","slug":"tiefkuehlware","status":"publish","type":"page","link":"https:\/\/villalatina.de\/es\/tiefkuehlware\/","title":{"rendered":"CONGELADOS"},"content":{"rendered":"<h2>CONGELADOS<\/h2>\n<p>\t\t\t\t\t<a href=\"https:\/\/www.villalatinashop.de\/\" target=\"_blank\"><br \/>\n\t\t\t\t\t\t\t\t\tONLINE bestellen<br \/>\n\t\t\t\t\t<\/a><br \/>\n\t\t\t\t\t\t\t\t\t\t\t\t\t\t\t<img decoding=\"async\" src=\"https:\/\/villalatina.de\/wp-content\/uploads\/elementor\/thumbs\/tequenos_queso_12_und-min-ql2g278ecoh5b7lotdlrly4bwve79yk8t1j7oa1bug.png\" title=\"tequenos_queso_12_und-min\" alt=\"tequenos_queso_12_und-min\" loading=\"lazy\" \/>\t\t\t\t\t\t\t\t\t\t\t\t\t\t\t<\/p>\n<h4>Teque\u00f1os (12)<\/h4>\n<p>Frittierte sticks mit K\u00e4se gef\u00fcllt &#8211; auch vorgebacken speziell f\u00fcr den Ofen \/ AirFryer verf\u00fcgbar &#8211; vegetarisch<\/p>\n<p>\t\t\t\t\t<a role=\"button\"><br \/>\n\t\t\t\t\t\t\t\t\t11,90 \u20ac<br \/>\n\t\t\t\t\t<\/a><br \/>\n\t\t\t\t\t\t\t\t\t\t\t\t\t\t\t<img decoding=\"async\" src=\"https:\/\/villalatina.de\/wp-content\/uploads\/elementor\/thumbs\/tequenos_queso_12_und-min-ql2g278ecoh5b7lotdlrly4bwve79yk8t1j7oa1bug.png\" title=\"tequenos_queso_12_und-min\" alt=\"tequenos_queso_12_und-min\" loading=\"lazy\" \/>\t\t\t\t\t\t\t\t\t\t\t\t\t\t\t<\/p>\n<h4>Teque\u00f1os de Guayaba (12)<\/h4>\n<p>Frittierte sticks mit K\u00e4se und Guayaba gef\u00fcllt &#8211; vegetarisch<\/p>\n<p>\t\t\t\t\t<a role=\"button\"><br \/>\n\t\t\t\t\t\t\t\t\t12,50 \u20ac<br \/>\n\t\t\t\t\t<\/a><br \/>\n\t\t\t\t\t\t\t\t\t\t\t\t\t\t\t<img decoding=\"async\" src=\"https:\/\/villalatina.de\/wp-content\/uploads\/elementor\/thumbs\/empanadas_carne-min-ql2g1qbaxntzi8a9k6ahd2e17xplfep2qpsh1aqeyg.png\" title=\"empanadas_carne-min\" alt=\"empanadas_carne-min\" loading=\"lazy\" \/>\t\t\t\t\t\t\t\t\t\t\t\t\t\t\t<\/p>\n<h4>Empanadas de carne (12)<\/h4>\n<p>Mais-Empanadas mit Rindfleisch gef\u00fcllt<\/p>\n<p>\t\t\t\t\t<a role=\"button\"><br \/>\n\t\t\t\t\t\t\t\t\t12,40 \u20ac<br \/>\n\t\t\t\t\t<\/a><br \/>\n\t\t\t\t\t\t\t\t\t\t\t\t\t\t\t<img decoding=\"async\" src=\"https:\/\/villalatina.de\/wp-content\/uploads\/elementor\/thumbs\/empanadas_queso-min-ql2g1t4ti5xuh2663pid2jof03bp2i09r3qxh4m8fs.png\" title=\"empanadas_queso-min\" alt=\"empanadas_queso-min\" loading=\"lazy\" \/>\t\t\t\t\t\t\t\t\t\t\t\t\t\t\t<\/p>\n<h4>K\u00e4se Empanadas (12)<\/h4>\n<p>Mais-Empanadas mit K\u00e4se gef\u00fcllt. Glutenfrei, vegetarisch<\/p>\n<p>\t\t\t\t\t<a role=\"button\"><br \/>\n\t\t\t\t\t\t\t\t\t11,90\u20ac<br \/>\n\t\t\t\t\t<\/a><br \/>\n\t\t\t\t\t\t\t\t\t\t\t\t\t\t\t<img decoding=\"async\" src=\"https:\/\/villalatina.de\/wp-content\/uploads\/elementor\/thumbs\/cachapa_congelada_5MC008-1-min-ql2g1d5k9zbyzotdp0lpe5pkwjigfn8u0wnobf9xdk.png\" title=\"cachapa_congelada_5MC008-1-min\" alt=\"cachapa_congelada_5MC008-1-min\" loading=\"lazy\" \/>\t\t\t\t\t\t\t\t\t\t\t\t\t\t\t<\/p>\n<h4>Cachapas (5)<\/h4>\n<p>Aus Indianischer Kultur. Hergestellt aus gelbem Mais.<\/p>\n<p>\t\t\t\t\t<a role=\"button\"><br \/>\n\t\t\t\t\t\t\t\t\t11,90 \u20ac<br \/>\n\t\t\t\t\t<\/a><br \/>\n\t\t\t\t\t\t\t\t\t\t\t\t\t\t\t<img decoding=\"async\" src=\"https:\/\/villalatina.de\/wp-content\/uploads\/elementor\/thumbs\/arepas_congeldas-min-ql2g18gdbt5jdn07ggkkjow9xm5md5q6c9e8x1gw8o.png\" title=\"arepas_congeldas-min\" alt=\"arepas_congeldas-min\" loading=\"lazy\" \/>\t\t\t\t\t\t\t\t\t\t\t\t\t\t\t<\/p>\n<h4>Arepas (6)<\/h4>\n<p>Klassische vorgekochte Arepa, die schnell und einfach zubereitet werden kann. Glutenfrei, vegetarisch<\/p>\n<p>\t\t\t\t\t<a role=\"button\"><br \/>\n\t\t\t\t\t\t\t\t\t5,50 \u20ac<br \/>\n\t\t\t\t\t<\/a><br \/>\n\t\t\t\t\t\t\t\t\t\t\t\t\t\t\t<img decoding=\"async\" src=\"https:\/\/villalatina.de\/wp-content\/uploads\/elementor\/thumbs\/cachito_2uds_5TC003-2-min-ql2g1fz2uhftyipa8jtl3mzyop4k2qk11am4r95quw.png\" title=\"cachito_2uds_5TC003-2-min\" alt=\"cachito_2uds_5TC003-2-min\" loading=\"lazy\" \/>\t\t\t\t\t\t\t\t\t\t\t\t\t\t\t<\/p>\n<h4>Cachitos (2)<\/h4>\n<p>Briochebrot gef\u00fcllt mit gekochtem Schinken und Speck. Einfach im Ofen erhitzen.<\/p>\n<p>\t\t\t\t\t<a role=\"button\"><br \/>\n\t\t\t\t\t\t\t\t\t8,5 \u20ac<br \/>\n\t\t\t\t\t<\/a><br \/>\n\t\t\t\t\t\t\t\t\t\t\t\t\t\t\t<img decoding=\"async\" src=\"https:\/\/villalatina.de\/wp-content\/uploads\/elementor\/thumbs\/pollo_desmechado-min-ql2g24evs6dacdps9udvwgty4ps3mv91snkr8g5id4.png\" title=\"pollo_desmechado-min\" alt=\"pollo_desmechado-min\" loading=\"lazy\" \/>\t\t\t\t\t\t\t\t\t\t\t\t\t\t\t<\/p>\n<h4>Gezupftes H\u00c4HNCHENFLEISCH 400gr<\/h4>\n<p>Gezupftes H\u00e4hnchenfleisch mit Gew\u00fcrzen und Gem\u00fcse gekocht. Aufw\u00e4rmen und geniessen.<\/p>\n<p>\t\t\t\t\t<a role=\"button\"><br \/>\n\t\t\t\t\t\t\t\t\t12,50 \u20ac<br \/>\n\t\t\t\t\t<\/a><br \/>\n\t\t\t\t\t\t\t\t\t\t\t\t\t\t\t<img decoding=\"async\" src=\"https:\/\/villalatina.de\/wp-content\/uploads\/elementor\/thumbs\/guasacaca-min-ql2g1xu0gc4a33zcc9jhx0hpz0oj4zixfr0cvif9ko.png\" title=\"guasacaca-min\" alt=\"guasacaca-min\" loading=\"lazy\" \/>\t\t\t\t\t\t\t\t\t\t\t\t\t\t\t<\/p>\n<h4>Guasacaca 500gr<\/h4>\n<p>Salsa de vegetales, aguacate, cilantro, perejil, ajo, vinagre, aceite y especias<\/p>\n<p>\t\t\t\t\t<a role=\"button\"><br \/>\n\t\t\t\t\t\t\t\t\t5,50 \u20ac<br \/>\n\t\t\t\t\t<\/a><br \/>\n\t\t\t\t\t<a role=\"button\"><br \/>\n\t\t\t\t<svg aria-hidden=\"true\" viewbox=\"0 0 192 512\" xmlns=\"http:\/\/www.w3.org\/2000\/svg\"><path d=\"M0 384.662V127.338c0-17.818 21.543-26.741 34.142-14.142l128.662 128.662c7.81 7.81 7.81 20.474 0 28.284L34.142 398.804C21.543 411.404 0 402.48 0 384.662z\"><\/path><\/svg><br \/>\n\t\t\t\t\t<\/a><br \/>\n\t\t\t\t\t<a role=\"button\"><br \/>\n\t\t\t\t<svg aria-hidden=\"true\" viewbox=\"0 0 192 512\" xmlns=\"http:\/\/www.w3.org\/2000\/svg\"><path d=\"M0 384.662V127.338c0-17.818 21.543-26.741 34.142-14.142l128.662 128.662c7.81 7.81 7.81 20.474 0 28.284L34.142 398.804C21.543 411.404 0 402.48 0 384.662z\"><\/path><\/svg><br \/>\n\t\t\t\t\t<\/a><br \/>\n\t\t\t\t\t<a role=\"button\"><br \/>\n\t\t\t\t<svg aria-hidden=\"true\" viewbox=\"0 0 192 512\" xmlns=\"http:\/\/www.w3.org\/2000\/svg\"><path d=\"M0 384.662V127.338c0-17.818 21.543-26.741 34.142-14.142l128.662 128.662c7.81 7.81 7.81 20.474 0 28.284L34.142 398.804C21.543 411.404 0 402.48 0 384.662z\"><\/path><\/svg><br \/>\n\t\t\t\t\t<\/a><br \/>\n\t\t\t\t\t<a role=\"button\"><br \/>\n\t\t\t\t\t<\/a><\/p>","protected":false},"excerpt":{"rendered":"<p>TIEFK\u00dcHLWARE ONLINE bestellen Teque\u00f1os (12) Frittierte sticks mit K\u00e4se gef\u00fcllt &#8211; auch vorgebacken speziell f\u00fcr den Ofen \/ AirFryer verf\u00fcgbar &#8211; vegetarisch 11,90 \u20ac Teque\u00f1os de Guayaba (12) Frittierte sticks mit K\u00e4se und Guayaba gef\u00fcllt &#8211; vegetarisch 12,50 \u20ac Empanadas de carne (12) Mais-Empanadas mit Rindfleisch gef\u00fcllt 12,40 \u20ac K\u00e4se Empanadas (12) Mais-Empanadas mit K\u00e4se [&hellip;]<\/p>\n","protected":false},"author":2,"featured_media":0,"parent":0,"menu_order":0,"comment_status":"closed","ping_status":"closed","template":"","meta":{"footnotes":""},"class_list":["post-763","page","type-page","status-publish","hentry"],"yoast_head":"<!-- This site is optimized with the Yoast SEO plugin v25.7 - https:\/\/yoast.com\/wordpress\/plugins\/seo\/ -->\n<title>TIEFK\u00dcHLWARE - Villa Latina<\/title>\n<meta name=\"robots\" content=\"index, follow, max-snippet:-1, max-image-preview:large, max-video-preview:-1\" \/>\n<link rel=\"canonical\" href=\"https:\/\/villalatina.de\/es\/tiefkuehlware\/\" \/>\n<meta property=\"og:locale\" content=\"es_ES\" \/>\n<meta property=\"og:type\" content=\"article\" \/>\n<meta property=\"og:title\" content=\"TIEFK\u00dcHLWARE - Villa Latina\" \/>\n<meta property=\"og:description\" content=\"TIEFK\u00dcHLWARE ONLINE bestellen Teque\u00f1os (12) Frittierte sticks mit K\u00e4se gef\u00fcllt &#8211; auch vorgebacken speziell f\u00fcr den Ofen \/ AirFryer verf\u00fcgbar &#8211; vegetarisch 11,90 \u20ac Teque\u00f1os de Guayaba (12) Frittierte sticks mit K\u00e4se und Guayaba gef\u00fcllt &#8211; vegetarisch 12,50 \u20ac Empanadas de carne (12) Mais-Empanadas mit Rindfleisch gef\u00fcllt 12,40 \u20ac K\u00e4se Empanadas (12) Mais-Empanadas mit K\u00e4se [&hellip;]\" \/>\n<meta property=\"og:url\" content=\"https:\/\/villalatina.de\/es\/tiefkuehlware\/\" \/>\n<meta property=\"og:site_name\" content=\"Villa Latina\" \/>\n<meta property=\"article:publisher\" content=\"https:\/\/facebook.com\/villalatinaberlin\" \/>\n<meta property=\"article:modified_time\" content=\"2025-09-19T14:09:57+00:00\" \/>\n<meta property=\"og:image\" content=\"https:\/\/villalatina.de\/wp-content\/uploads\/elementor\/thumbs\/tequenos_queso_12_und-min-ql2g278ecoh5b7lotdlrly4bwve79yk8t1j7oa1bug.png\" \/>\n<meta name=\"twitter:card\" content=\"summary_large_image\" \/>\n<meta name=\"twitter:label1\" content=\"Tiempo estimado de lectura\" \/>\n\t<meta name=\"twitter:data1\" content=\"3 minutos\" \/>\n<script type=\"application\/ld+json\" class=\"yoast-schema-graph\">{\"@context\":\"https:\/\/schema.org\",\"@graph\":[{\"@type\":\"WebPage\",\"@id\":\"https:\/\/villalatina.de\/tiefkuehlware\/\",\"url\":\"https:\/\/villalatina.de\/tiefkuehlware\/\",\"name\":\"TIEFK\u00dcHLWARE - Villa Latina\",\"isPartOf\":{\"@id\":\"https:\/\/villalatina.de\/#website\"},\"primaryImageOfPage\":{\"@id\":\"https:\/\/villalatina.de\/tiefkuehlware\/#primaryimage\"},\"image\":{\"@id\":\"https:\/\/villalatina.de\/tiefkuehlware\/#primaryimage\"},\"thumbnailUrl\":\"https:\/\/villalatina.de\/wp-content\/uploads\/elementor\/thumbs\/tequenos_queso_12_und-min-ql2g278ecoh5b7lotdlrly4bwve79yk8t1j7oa1bug.png\",\"datePublished\":\"2024-03-11T18:11:39+00:00\",\"dateModified\":\"2025-09-19T14:09:57+00:00\",\"breadcrumb\":{\"@id\":\"https:\/\/villalatina.de\/tiefkuehlware\/#breadcrumb\"},\"inLanguage\":\"es\",\"potentialAction\":[{\"@type\":\"ReadAction\",\"target\":[\"https:\/\/villalatina.de\/tiefkuehlware\/\"]}]},{\"@type\":\"ImageObject\",\"inLanguage\":\"es\",\"@id\":\"https:\/\/villalatina.de\/tiefkuehlware\/#primaryimage\",\"url\":\"https:\/\/villalatina.de\/wp-content\/uploads\/elementor\/thumbs\/tequenos_queso_12_und-min-ql2g278ecoh5b7lotdlrly4bwve79yk8t1j7oa1bug.png\",\"contentUrl\":\"https:\/\/villalatina.de\/wp-content\/uploads\/elementor\/thumbs\/tequenos_queso_12_und-min-ql2g278ecoh5b7lotdlrly4bwve79yk8t1j7oa1bug.png\"},{\"@type\":\"BreadcrumbList\",\"@id\":\"https:\/\/villalatina.de\/tiefkuehlware\/#breadcrumb\",\"itemListElement\":[{\"@type\":\"ListItem\",\"position\":1,\"name\":\"Home\",\"item\":\"https:\/\/villalatina.de\/\"},{\"@type\":\"ListItem\",\"position\":2,\"name\":\"TIEFK\u00dcHLWARE\"}]},{\"@type\":\"WebSite\",\"@id\":\"https:\/\/villalatina.de\/#website\",\"url\":\"https:\/\/villalatina.de\/\",\"name\":\"Villa Latina\",\"description\":\"Arepas &amp; Hot Dogs - Venezuelan Food in Berlin\",\"publisher\":{\"@id\":\"https:\/\/villalatina.de\/#organization\"},\"potentialAction\":[{\"@type\":\"SearchAction\",\"target\":{\"@type\":\"EntryPoint\",\"urlTemplate\":\"https:\/\/villalatina.de\/?s={search_term_string}\"},\"query-input\":{\"@type\":\"PropertyValueSpecification\",\"valueRequired\":true,\"valueName\":\"search_term_string\"}}],\"inLanguage\":\"es\"},{\"@type\":\"Organization\",\"@id\":\"https:\/\/villalatina.de\/#organization\",\"name\":\"Villa Latina\",\"url\":\"https:\/\/villalatina.de\/\",\"logo\":{\"@type\":\"ImageObject\",\"inLanguage\":\"es\",\"@id\":\"https:\/\/villalatina.de\/#\/schema\/logo\/image\/\",\"url\":\"https:\/\/villalatina.de\/wp-content\/uploads\/2025\/08\/Element-9.png\",\"contentUrl\":\"https:\/\/villalatina.de\/wp-content\/uploads\/2025\/08\/Element-9.png\",\"width\":2001,\"height\":2001,\"caption\":\"Villa Latina\"},\"image\":{\"@id\":\"https:\/\/villalatina.de\/#\/schema\/logo\/image\/\"},\"sameAs\":[\"https:\/\/facebook.com\/villalatinaberlin\",\"https:\/\/www.instagram.com\/villalatinaberlin\"]}]}<\/script>\n<!-- \/ Yoast SEO plugin. -->","yoast_head_json":{"title":"TIEFK\u00dcHLWARE - Villa Latina","robots":{"index":"index","follow":"follow","max-snippet":"max-snippet:-1","max-image-preview":"max-image-preview:large","max-video-preview":"max-video-preview:-1"},"canonical":"https:\/\/villalatina.de\/es\/tiefkuehlware\/","og_locale":"es_ES","og_type":"article","og_title":"TIEFK\u00dcHLWARE - Villa Latina","og_description":"TIEFK\u00dcHLWARE ONLINE bestellen Teque\u00f1os (12) Frittierte sticks mit K\u00e4se gef\u00fcllt &#8211; auch vorgebacken speziell f\u00fcr den Ofen \/ AirFryer verf\u00fcgbar &#8211; vegetarisch 11,90 \u20ac Teque\u00f1os de Guayaba (12) Frittierte sticks mit K\u00e4se und Guayaba gef\u00fcllt &#8211; vegetarisch 12,50 \u20ac Empanadas de carne (12) Mais-Empanadas mit Rindfleisch gef\u00fcllt 12,40 \u20ac K\u00e4se Empanadas (12) Mais-Empanadas mit K\u00e4se [&hellip;]","og_url":"https:\/\/villalatina.de\/es\/tiefkuehlware\/","og_site_name":"Villa Latina","article_publisher":"https:\/\/facebook.com\/villalatinaberlin","article_modified_time":"2025-09-19T14:09:57+00:00","og_image":[{"url":"https:\/\/villalatina.de\/wp-content\/uploads\/elementor\/thumbs\/tequenos_queso_12_und-min-ql2g278ecoh5b7lotdlrly4bwve79yk8t1j7oa1bug.png","type":"","width":"","height":""}],"twitter_card":"summary_large_image","twitter_misc":{"Tiempo estimado de lectura":"3 minutos"},"schema":{"@context":"https:\/\/schema.org","@graph":[{"@type":"WebPage","@id":"https:\/\/villalatina.de\/tiefkuehlware\/","url":"https:\/\/villalatina.de\/tiefkuehlware\/","name":"TIEFK\u00dcHLWARE - Villa Latina","isPartOf":{"@id":"https:\/\/villalatina.de\/#website"},"primaryImageOfPage":{"@id":"https:\/\/villalatina.de\/tiefkuehlware\/#primaryimage"},"image":{"@id":"https:\/\/villalatina.de\/tiefkuehlware\/#primaryimage"},"thumbnailUrl":"https:\/\/villalatina.de\/wp-content\/uploads\/elementor\/thumbs\/tequenos_queso_12_und-min-ql2g278ecoh5b7lotdlrly4bwve79yk8t1j7oa1bug.png","datePublished":"2024-03-11T18:11:39+00:00","dateModified":"2025-09-19T14:09:57+00:00","breadcrumb":{"@id":"https:\/\/villalatina.de\/tiefkuehlware\/#breadcrumb"},"inLanguage":"es","potentialAction":[{"@type":"ReadAction","target":["https:\/\/villalatina.de\/tiefkuehlware\/"]}]},{"@type":"ImageObject","inLanguage":"es","@id":"https:\/\/villalatina.de\/tiefkuehlware\/#primaryimage","url":"https:\/\/villalatina.de\/wp-content\/uploads\/elementor\/thumbs\/tequenos_queso_12_und-min-ql2g278ecoh5b7lotdlrly4bwve79yk8t1j7oa1bug.png","contentUrl":"https:\/\/villalatina.de\/wp-content\/uploads\/elementor\/thumbs\/tequenos_queso_12_und-min-ql2g278ecoh5b7lotdlrly4bwve79yk8t1j7oa1bug.png"},{"@type":"BreadcrumbList","@id":"https:\/\/villalatina.de\/tiefkuehlware\/#breadcrumb","itemListElement":[{"@type":"ListItem","position":1,"name":"Home","item":"https:\/\/villalatina.de\/"},{"@type":"ListItem","position":2,"name":"TIEFK\u00dcHLWARE"}]},{"@type":"WebSite","@id":"https:\/\/villalatina.de\/#website","url":"https:\/\/villalatina.de\/","name":"Villa Latina","description":"Arepas &amp; Hot Dogs - Venezuelan Food in Berlin","publisher":{"@id":"https:\/\/villalatina.de\/#organization"},"potentialAction":[{"@type":"SearchAction","target":{"@type":"EntryPoint","urlTemplate":"https:\/\/villalatina.de\/?s={search_term_string}"},"query-input":{"@type":"PropertyValueSpecification","valueRequired":true,"valueName":"search_term_string"}}],"inLanguage":"es"},{"@type":"Organization","@id":"https:\/\/villalatina.de\/#organization","name":"Villa Latina","url":"https:\/\/villalatina.de\/","logo":{"@type":"ImageObject","inLanguage":"es","@id":"https:\/\/villalatina.de\/#\/schema\/logo\/image\/","url":"https:\/\/villalatina.de\/wp-content\/uploads\/2025\/08\/Element-9.png","contentUrl":"https:\/\/villalatina.de\/wp-content\/uploads\/2025\/08\/Element-9.png","width":2001,"height":2001,"caption":"Villa Latina"},"image":{"@id":"https:\/\/villalatina.de\/#\/schema\/logo\/image\/"},"sameAs":["https:\/\/facebook.com\/villalatinaberlin","https:\/\/www.instagram.com\/villalatinaberlin"]}]}},"_links":{"self":[{"href":"https:\/\/villalatina.de\/es\/wp-json\/wp\/v2\/pages\/763","targetHints":{"allow":["GET"]}}],"collection":[{"href":"https:\/\/villalatina.de\/es\/wp-json\/wp\/v2\/pages"}],"about":[{"href":"https:\/\/villalatina.de\/es\/wp-json\/wp\/v2\/types\/page"}],"author":[{"embeddable":true,"href":"https:\/\/villalatina.de\/es\/wp-json\/wp\/v2\/users\/2"}],"replies":[{"embeddable":true,"href":"https:\/\/villalatina.de\/es\/wp-json\/wp\/v2\/comments?post=763"}],"version-history":[{"count":67,"href":"https:\/\/villalatina.de\/es\/wp-json\/wp\/v2\/pages\/763\/revisions"}],"predecessor-version":[{"id":1076,"href":"https:\/\/villalatina.de\/es\/wp-json\/wp\/v2\/pages\/763\/revisions\/1076"}],"wp:attachment":[{"href":"https:\/\/villalatina.de\/es\/wp-json\/wp\/v2\/media?parent=763"}],"curies":[{"name":"wp","href":"https:\/\/api.w.org\/{rel}","templated":true}]}}